{"id":527,"date":"2023-11-03T19:10:34","date_gmt":"2023-11-03T18:10:34","guid":{"rendered":"http:\/\/www.sgr.it\/?page_id=527"},"modified":"2026-01-26T17:40:45","modified_gmt":"2026-01-26T16:40:45","slug":"about-us","status":"publish","type":"page","link":"https:\/\/www.sgr.it\/en\/about-us\/","title":{"rendered":"About Us"},"content":{"rendered":"<div data-elementor-type=\"wp-page\" data-elementor-id=\"527\" class=\"elementor elementor-527\">\n\t\t\t\t\t\t<section class=\"trx_addons_has_bg_text elementor-section elementor-top-section elementor-element elementor-element-1b61baf elementor-section-height-min-height elementor-section-boxed elementor-section-height-default elementor-section-items-middle sc_fly_static\" data-bg-text=\"{&quot;bg_text&quot;:&quot;CONCERTI - FESTIVAL - EVENTI -&quot;,&quot;bg_text_effect&quot;:&quot;none&quot;,&quot;bg_text_overlay&quot;:{&quot;url&quot;:&quot;&quot;},&quot;bg_text_left&quot;:{&quot;size&quot;:&quot;&quot;,&quot;unit&quot;:&quot;%&quot;},&quot;bg_text_top&quot;:{&quot;unit&quot;:&quot;px&quot;,&quot;size&quot;:21,&quot;sizes&quot;:[]},&quot;bg_text_z_index&quot;:{&quot;size&quot;:&quot;0&quot;,&quot;unit&quot;:&quot;px&quot;},&quot;bg_text_marquee&quot;:{&quot;unit&quot;:&quot;px&quot;,&quot;size&quot;:10,&quot;sizes&quot;:[]},&quot;bg_text_marquee_hover&quot;:&quot;&quot;,&quot;bg_text_marquee_margin&quot;:{&quot;unit&quot;:&quot;px&quot;,&quot;size&quot;:8,&quot;sizes&quot;:[]},&quot;bg_text_reverse&quot;:0,&quot;bg_text_accelerate&quot;:0,&quot;bg_text_delimiter_icon&quot;:&quot;&quot;,&quot;bg_text_delimiter_image&quot;:&quot;&quot;,&quot;bg_text_delimiter_svg&quot;:&quot;&quot;,&quot;bg_text_delimiter_rotation&quot;:0}\" data-id=\"1b61baf\" data-element_type=\"section\" data-settings=\"{&quot;background_background&quot;:&quot;classic&quot;}\">\n\t\t\t\t\t\t<div class=\"elementor-container elementor-column-gap-extended\">\n\t\t\t\t\t<div class=\"elementor-column elementor-col-100 elementor-top-column elementor-element elementor-element-a184952 sc_content_align_inherit sc_layouts_column_icons_position_left sc_fly_static\" data-id=\"a184952\" data-element_type=\"column\">\n\t\t\t<div class=\"elementor-widget-wrap\">\n\t\t\t\t\t\t\t<\/div>\n\t\t<\/div>\n\t\t\t\t\t<\/div>\n\t\t<\/section>\n\t\t\t\t<section class=\"elementor-section elementor-top-section elementor-element elementor-element-535a2bd elementor-section-boxed elementor-section-height-default elementor-section-height-default sc_fly_static\" data-id=\"535a2bd\" data-element_type=\"section\">\n\t\t\t\t\t\t<div class=\"elementor-container elementor-column-gap-extended\">\n\t\t\t\t\t<div class=\"elementor-column elementor-col-100 elementor-top-column elementor-element elementor-element-cc222f3 sc_content_align_inherit sc_layouts_column_icons_position_left sc_fly_static\" data-id=\"cc222f3\" data-element_type=\"column\">\n\t\t\t<div class=\"elementor-widget-wrap elementor-element-populated\">\n\t\t\t\t\t\t<div class=\"elementor-element elementor-element-bf37a64 sc_height_huge sc_fly_static elementor-widget elementor-widget-spacer\" data-id=\"bf37a64\" data-element_type=\"widget\" data-widget_type=\"spacer.default\">\n\t\t\t\t<div class=\"elementor-widget-container\">\n\t\t\t\t\t\t\t<div class=\"elementor-spacer\">\n\t\t\t<div class=\"elementor-spacer-inner\"><\/div>\n\t\t<\/div>\n\t\t\t\t\t\t<\/div>\n\t\t\t\t<\/div>\n\t\t\t\t<div class=\"elementor-element elementor-element-8efb10a sc_fly_static elementor-widget elementor-widget-heading\" data-id=\"8efb10a\" data-element_type=\"widget\" data-widget_type=\"heading.default\">\n\t\t\t\t<div class=\"elementor-widget-container\">\n\t\t\t\t\t<h2 class=\"elementor-heading-title elementor-size-default\">About Us<\/h2>\t\t\t\t<\/div>\n\t\t\t\t<\/div>\n\t\t\t\t<section class=\"elementor-section elementor-inner-section elementor-element elementor-element-a35ccfc elementor-section-boxed elementor-section-height-default elementor-section-height-default sc_fly_static\" data-id=\"a35ccfc\" data-element_type=\"section\">\n\t\t\t\t\t\t<div class=\"elementor-container elementor-column-gap-extended\">\n\t\t\t\t\t<div class=\"elementor-column elementor-col-50 elementor-inner-column elementor-element elementor-element-d3596bb sc_content_align_inherit sc_layouts_column_icons_position_left sc_fly_static\" data-id=\"d3596bb\" data-element_type=\"column\">\n\t\t\t<div class=\"elementor-widget-wrap elementor-element-populated\">\n\t\t\t\t\t\t<div class=\"elementor-element elementor-element-5151221 sc_fly_static elementor-widget elementor-widget-text-editor\" data-id=\"5151221\" data-element_type=\"widget\" data-widget_type=\"text-editor.default\">\n\t\t\t\t<div class=\"elementor-widget-container\">\n\t\t\t\t\t\t\t\t\t<p>The Agenzia Teatrale SGR has deep roots in the heart of the Italian cultural scene.<\/p><p>Founded in Modena in 1974 by its indefatigable founder, Graziano Tagliati, born in 1949, Graziano was a multifaceted artist who, before embarking on the path of the theatre agency, trod numerous stages as singer and keyboardist of the famous musical group Moonlight.<\/p><p>His band became a reference point in the national 'beat' music scene, leading him to perform in various venues in Italy.<\/p><p>Thanks to his charisma and passion for music, many club owners turned to him for advice on programming and organising shows.<\/p><p>As time went by, Graziano extended his scope and established exclusive contracts with prestigious artists and music groups, including illustrious names such as Demis Roussos, Amanda Lear and the Rockets, while also collaborating with famous singers such as Julio Iglesias, Pooh, Nomadi and many others.<\/p><p>In the 1980s, Graziano Tagliati entered the world of television, actively collaborating with former patron Gianni Ravera and establishing a fruitful working relationship with RAI.<\/p><p>In 1986, he directly organised several outside broadcasts for RAI as part of the 'Piccoli Fans in Tour' series. Among the television productions he supervised were 'Canta Napoli', 'Canta Roma', 'Canta Milano' and 'Castrocaro Terme di Forl\u00ec'.<\/p>\t\t\t\t\t\t\t\t<\/div>\n\t\t\t\t<\/div>\n\t\t\t\t\t<\/div>\n\t\t<\/div>\n\t\t\t\t<div class=\"elementor-column elementor-col-50 elementor-inner-column elementor-element elementor-element-75676c5 sc_content_align_inherit sc_layouts_column_icons_position_left sc_fly_static\" data-id=\"75676c5\" data-element_type=\"column\">\n\t\t\t<div class=\"elementor-widget-wrap elementor-element-populated\">\n\t\t\t\t\t\t<div class=\"elementor-element elementor-element-145dad4 sc_fly_static elementor-widget elementor-widget-text-editor\" data-id=\"145dad4\" data-element_type=\"widget\" data-widget_type=\"text-editor.default\">\n\t\t\t\t<div class=\"elementor-widget-container\">\n\t\t\t\t\t\t\t\t\t<p>Collaboration with RAI continued over the years with the organisation of broadcasts at the local 'Bul di Castrocaro Terme (FC)' and the management of connections for important television programmes such as 'Festival delle voci nuove', 'Fantastico' and 'Domenica In'.<\/p><p>Over time, the SGR Agency has become a point of reference for the most important music festivals and events in Italy.<\/p><p>In the 2000s, his son Andrea Tagliati joined the agency, helping to expand the roster and the number of shows on offer, immediately establishing excellent agreements with several artists and other agencies.<\/p><p>Andrea's dedication and tenacity are in perfect continuity with his father's artistic and entrepreneurial legacy and contribute to keeping alive the tradition of excellence and professionalism that characterises SGR.<\/p><p><strong><span class=\"a_GcMg font-feature-liga-off font-feature-clig-off font-feature-calt-off text-decoration-none text-strikethrough-none\">Attualmente SGR \u00e8 in grado di effettuare in autonomia produzione, promozione, organizzazione ed esecuzione, in Italia, di concerti, tourn\u00e9e ed in genere di spettacoli ed eventi musicali, teatrali e di attivit\u00e0 artistiche culturali con propri artisti in esclusiva e\/o collaborando con i pi\u00f9 celebri booking e\/o management del territorio nazionale.<\/span> <\/strong><\/p>\t\t\t\t\t\t\t\t<\/div>\n\t\t\t\t<\/div>\n\t\t\t\t\t<\/div>\n\t\t<\/div>\n\t\t\t\t\t<\/div>\n\t\t<\/section>\n\t\t\t\t<div class=\"elementor-element elementor-element-fc34bf3 sc_height_huge sc_fly_static elementor-widget elementor-widget-spacer\" data-id=\"fc34bf3\" data-element_type=\"widget\" data-widget_type=\"spacer.default\">\n\t\t\t\t<div class=\"elementor-widget-container\">\n\t\t\t\t\t\t\t<div class=\"elementor-spacer\">\n\t\t\t<div class=\"elementor-spacer-inner\"><\/div>\n\t\t<\/div>\n\t\t\t\t\t\t<\/div>\n\t\t\t\t<\/div>\n\t\t\t\t\t<\/div>\n\t\t<\/div>\n\t\t\t\t\t<\/div>\n\t\t<\/section>\n\t\t\t\t<\/div>","protected":false},"excerpt":{"rendered":"<p>Chi siamo L&#8217;Agenzia Teatrale SGR ha profonde radici nel cuore della scena culturale italiana. Fondata a Modena nel 1974 dal suo instancabile fondatore, Graziano Tagliati, classe 1949, Graziano era un&hellip;<\/p>","protected":false},"author":3,"featured_media":0,"parent":0,"menu_order":0,"comment_status":"closed","ping_status":"closed","template":"","meta":{"footnotes":""},"class_list":["post-527","page","type-page","status-publish","hentry"],"_links":{"self":[{"href":"https:\/\/www.sgr.it\/en\/wp-json\/wp\/v2\/pages\/527","targetHints":{"allow":["GET"]}}],"collection":[{"href":"https:\/\/www.sgr.it\/en\/wp-json\/wp\/v2\/pages"}],"about":[{"href":"https:\/\/www.sgr.it\/en\/wp-json\/wp\/v2\/types\/page"}],"author":[{"embeddable":true,"href":"https:\/\/www.sgr.it\/en\/wp-json\/wp\/v2\/users\/3"}],"replies":[{"embeddable":true,"href":"https:\/\/www.sgr.it\/en\/wp-json\/wp\/v2\/comments?post=527"}],"version-history":[{"count":48,"href":"https:\/\/www.sgr.it\/en\/wp-json\/wp\/v2\/pages\/527\/revisions"}],"predecessor-version":[{"id":2971,"href":"https:\/\/www.sgr.it\/en\/wp-json\/wp\/v2\/pages\/527\/revisions\/2971"}],"wp:attachment":[{"href":"https:\/\/www.sgr.it\/en\/wp-json\/wp\/v2\/media?parent=527"}],"curies":[{"name":"wp","href":"https:\/\/api.w.org\/{rel}","templated":true}]}}